{"id":108,"date":"2016-02-19T12:16:25","date_gmt":"2016-02-19T12:16:25","guid":{"rendered":"https:\/\/bridge3.qodeinteractive.com\/?page_id=108"},"modified":"2023-06-08T12:01:57","modified_gmt":"2023-06-08T12:01:57","slug":"hakkimizda","status":"publish","type":"page","link":"https:\/\/getplanet.net\/tr\/hakkimizda\/","title":{"rendered":"Hakk\u0131m\u0131zda"},"content":{"rendered":"<p>[vc_row css_animation=&#8221;&#8221; row_type=&#8221;row&#8221; use_row_as_full_screen_section=&#8221;no&#8221; type=&#8221;grid&#8221; angled_section=&#8221;no&#8221; text_align=&#8221;center&#8221; background_image_as_pattern=&#8221;without_pattern&#8221; background_color=&#8221;#f7f7f7&#8243; css=&#8221;.vc_custom_1456138762113{padding-top: 126px !important;padding-bottom: 86px !important;}&#8221;][vc_column offset=&#8221;vc_col-lg-6 vc_col-md-6&#8243;][vc_separator type=&#8221;transparent&#8221; thickness=&#8221;0&#8243; up=&#8221;20&#8243; down=&#8221;0&#8243;][vc_column_text]<\/p>\n<h2>Get Planet<\/h2>\n<p>[\/vc_column_text][vc_separator type=&#8221;transparent&#8221; thickness=&#8221;0&#8243; up=&#8221;33&#8243; down=&#8221;0&#8243;][vc_column_text]<\/p>\n<div class=\"wpb_text_column wpb_content_element \">\n<div class=\"wpb_wrapper\">\n<p>Firmam\u0131z T\u00fcrkiye\u2019den t\u00fcm d\u00fcnyaya makine ve a\u011f\u0131r vas\u0131ta yedek par\u00e7a ihracat\u0131 yaparak \u00fclke ekonomisine katk\u0131da bulunmak amac\u0131yla kurulmu\u015ftur.<\/p>\n<\/div>\n<\/div>\n<p>[\/vc_column_text][vc_separator type=&#8221;transparent&#8221; thickness=&#8221;0&#8243; up=&#8221;40&#8243; down=&#8221;0&#8243;][\/vc_column][vc_column offset=&#8221;vc_col-lg-6 vc_col-md-6&#8243;][vc_single_image image=&#8221;1121&#8243; img_size=&#8221;full&#8221; qode_css_animation=&#8221;&#8221;][vc_separator type=&#8221;transparent&#8221; thickness=&#8221;0&#8243; up=&#8221;70&#8243; down=&#8221;0&#8243;][\/vc_column][\/vc_row][vc_row css_animation=&#8221;&#8221; row_type=&#8221;row&#8221; use_row_as_full_screen_section=&#8221;no&#8221; type=&#8221;full_width&#8221; angled_section=&#8221;no&#8221; text_align=&#8221;left&#8221; background_image_as_pattern=&#8221;without_pattern&#8221;][vc_column][vc_column_text]<\/p>\n<p>[\/vc_column_text][\/vc_column][\/vc_row][vc_row css_animation=&#8221;&#8221; row_type=&#8221;row&#8221; use_row_as_full_screen_section=&#8221;no&#8221; type=&#8221;full_width&#8221; angled_section=&#8221;no&#8221; text_align=&#8221;left&#8221; background_image_as_pattern=&#8221;without_pattern&#8221; z_index=&#8221;&#8221; background_color=&#8221;#efefef&#8221;][vc_column][vc_separator type=&#8221;transparent&#8221; thickness=&#8221;0&#8243; up=&#8221;100&#8243; down=&#8221;0&#8243;][vc_row_inner row_type=&#8221;row&#8221; type=&#8221;grid&#8221; text_align=&#8221;center&#8221; css_animation=&#8221;&#8221;][vc_column_inner width=&#8221;1\/4&#8243; offset=&#8221;vc_col-lg-3 vc_col-md-3 vc_col-xs-12&#8243;]<div class=\"q_box_holder with_icon\" style=\"\"><div class=\"box_holder_icon\"><div class=\"box_holder_icon_inner large image \" style=\"\"><img itemprop=\"image\" style=\"\" src=\"https:\/\/getplanet.net\/wp-content\/uploads\/2023\/06\/urun-yukle.png\" alt=\"\"><\/div><\/div><div class=\"box_holder_inner large center\"><h3 class=\"icon_title\" style=\"font-weight: 700;\">\u00dcr\u00fcn Y\u00fckle<\/h3>[vc_separator type=\"small\" position=\"left\" color=\"\" thickness=\"2\" width=\"0\" up=\"0\" down=\"0\"]<p style=\"\">\u00d6zel tasar\u0131m\u0131n\u0131z\u0131 y\u00fckleyin.<\/p><a itemprop='url' class='icon_with_title_link' href='#' target='_self' style='color: #ffffff;'>.<\/a><\/div><\/div>[\/vc_column_inner][vc_column_inner width=&#8221;1\/4&#8243; offset=&#8221;vc_col-lg-3 vc_col-md-3 vc_col-xs-12&#8243;]<div class=\"q_box_holder with_icon\" style=\"\"><div class=\"box_holder_icon\"><div class=\"box_holder_icon_inner large image \" style=\"\"><img itemprop=\"image\" style=\"\" src=\"https:\/\/getplanet.net\/wp-content\/uploads\/2021\/05\/teklif-al.png\" alt=\"\"><\/div><\/div><div class=\"box_holder_inner large center\"><h3 class=\"icon_title\" style=\"font-weight: 700;\">\u00d6zelliklerini Yaz<\/h3>[vc_separator type=\"small\" position=\"left\" color=\"\" thickness=\"2\" width=\"0\" up=\"0\" down=\"0\"]<p style=\"\">\u00dcr\u00fcn \u00f6zelliklerini yaz\u0131n.<\/p><a itemprop='url' class='icon_with_title_link' href='#' target='_self' style='color: #ffffff;'>.<\/a><\/div><\/div>[\/vc_column_inner][vc_column_inner width=&#8221;1\/4&#8243; offset=&#8221;vc_col-lg-3 vc_col-md-3 vc_col-xs-12&#8243;]<div class=\"q_box_holder with_icon\" style=\"\"><div class=\"box_holder_icon\"><div class=\"box_holder_icon_inner large image \" style=\"\"><img itemprop=\"image\" style=\"\" src=\"https:\/\/getplanet.net\/wp-content\/uploads\/2021\/05\/fiyat-teklifi.png\" alt=\"\"><\/div><\/div><div class=\"box_holder_inner large center\"><h3 class=\"icon_title\" style=\"font-weight: 700;\">Fiyat Teklifi Al<\/h3>[vc_separator type=\"small\" position=\"left\" color=\"\" thickness=\"2\" width=\"0\" up=\"0\" down=\"0\"]<p style=\"\">Fiyat teklifi al\u0131n.<\/p><a itemprop='url' class='icon_with_title_link' href='#' target='_self' style='color: #ffffff;'>.<\/a><\/div><\/div>[\/vc_column_inner][vc_column_inner width=&#8221;1\/4&#8243;]<a  itemprop=\"url\" href=\"http:\/\/getplanet.net\/teklif-al\/\" target=\"_self\"  class=\"qbutton  large default\" style=\"\">Teklif Al<\/a>[\/vc_column_inner][\/vc_row_inner][vc_separator type=&#8221;transparent&#8221; thickness=&#8221;0&#8243; down=&#8221;100&#8243;][\/vc_column][\/vc_row]<\/p>\n","protected":false},"excerpt":{"rendered":"<p>[vc_row css_animation=&#8221;&#8221; row_type=&#8221;row&#8221; use_row_as_full_screen_section=&#8221;no&#8221; type=&#8221;grid&#8221; angled_section=&#8221;no&#8221; text_align=&#8221;center&#8221; background_image_as_pattern=&#8221;without_pattern&#8221; background_color=&#8221;#f7f7f7&#8243; css=&#8221;.vc_custom_1456138762113{padding-top: 126px !important;padding-bottom: 86px !important;}&#8221;][vc_column offset=&#8221;vc_col-lg-6 vc_col-md-6&#8243;][vc_separator type=&#8221;transparent&#8221; thickness=&#8221;0&#8243; up=&#8221;20&#8243; down=&#8221;0&#8243;][vc_column_text] Get Planet [\/vc_column_text][vc_separator type=&#8221;transparent&#8221; thickness=&#8221;0&#8243; up=&#8221;33&#8243; down=&#8221;0&#8243;][vc_column_text] Firmam\u0131z T\u00fcrkiye\u2019den t\u00fcm d\u00fcnyaya makine ve a\u011f\u0131r vas\u0131ta yedek par\u00e7a ihracat\u0131 yaparak \u00fclke ekonomisine katk\u0131da bulunmak amac\u0131yla kurulmu\u015ftur&#8230;.<\/p>\n","protected":false},"author":1,"featured_media":0,"parent":0,"menu_order":0,"comment_status":"closed","ping_status":"closed","template":"full_width.php","meta":[],"_links":{"self":[{"href":"https:\/\/getplanet.net\/tr\/wp-json\/wp\/v2\/pages\/108"}],"collection":[{"href":"https:\/\/getplanet.net\/tr\/wp-json\/wp\/v2\/pages"}],"about":[{"href":"https:\/\/getplanet.net\/tr\/wp-json\/wp\/v2\/types\/page"}],"author":[{"embeddable":true,"href":"https:\/\/getplanet.net\/tr\/wp-json\/wp\/v2\/users\/1"}],"replies":[{"embeddable":true,"href":"https:\/\/getplanet.net\/tr\/wp-json\/wp\/v2\/comments?post=108"}],"version-history":[{"count":6,"href":"https:\/\/getplanet.net\/tr\/wp-json\/wp\/v2\/pages\/108\/revisions"}],"predecessor-version":[{"id":1155,"href":"https:\/\/getplanet.net\/tr\/wp-json\/wp\/v2\/pages\/108\/revisions\/1155"}],"wp:attachment":[{"href":"https:\/\/getplanet.net\/tr\/wp-json\/wp\/v2\/media?parent=108"}],"curies":[{"name":"wp","href":"https:\/\/api.w.org\/{rel}","templated":true}]}}