{"id":120,"date":"2016-02-19T13:26:18","date_gmt":"2016-02-19T13:26:18","guid":{"rendered":"https:\/\/bridge3.qodeinteractive.com\/?page_id=120"},"modified":"2023-06-08T12:06:21","modified_gmt":"2023-06-08T12:06:21","slug":"urunler","status":"publish","type":"page","link":"https:\/\/getplanet.net\/tr\/urunler\/","title":{"rendered":"\u00dcr\u00fcnler"},"content":{"rendered":"<p>[vc_row css_animation=&#8221;&#8221; row_type=&#8221;row&#8221; use_row_as_full_screen_section=&#8221;no&#8221; type=&#8221;grid&#8221; angled_section=&#8221;no&#8221; text_align=&#8221;left&#8221; background_image_as_pattern=&#8221;without_pattern&#8221; css=&#8221;.vc_custom_1455889023853{padding-top: 150px !important;}&#8221;][vc_column offset=&#8221;vc_col-lg-4 vc_col-md-4&#8243;][vc_single_image image=&#8221;1127&#8243; img_size=&#8221;full&#8221; qode_css_animation=&#8221;&#8221;][vc_separator type=&#8221;transparent&#8221; thickness=&#8221;0&#8243; up=&#8221;38&#8243; down=&#8221;0&#8243;][vc_column_text]<\/p>\n<h3>CNC Makinalar\u0131 ve Yedek Par\u00e7alar\u0131<\/h3>\n<p>[\/vc_column_text][vc_separator type=&#8221;small&#8221; position=&#8221;left&#8221; width=&#8221;20&#8243; up=&#8221;7&#8243; down=&#8221;30&#8243;][vc_column_text]Makina tiplerine ve teknik \u00f6zelliklerine g\u00f6re de\u011fi\u015fiklik g\u00f6sterdi\u011fi i\u00e7in l\u00fctfen bizimle ileti\u015fime ge\u00e7iniz.[\/vc_column_text][vc_separator type=&#8221;transparent&#8221; thickness=&#8221;0&#8243; up=&#8221;50&#8243; down=&#8221;0&#8243;][\/vc_column][vc_column offset=&#8221;vc_col-lg-4 vc_col-md-4&#8243;][vc_single_image image=&#8221;1129&#8243; img_size=&#8221;full&#8221; qode_css_animation=&#8221;&#8221;][vc_separator type=&#8221;transparent&#8221; thickness=&#8221;0&#8243; up=&#8221;38&#8243; down=&#8221;0&#8243;][vc_column_text]<\/p>\n<h3>De\u011firmen Makinalar\u0131 ve Yedek Par\u00e7alar\u0131<\/h3>\n<p>[\/vc_column_text][vc_separator type=&#8221;small&#8221; position=&#8221;left&#8221; width=&#8221;20&#8243; up=&#8221;7&#8243; down=&#8221;30&#8243;][vc_column_text]Makina tiplerine ve teknik \u00f6zelliklerine g\u00f6re de\u011fi\u015fiklik g\u00f6sterdi\u011fi i\u00e7in l\u00fctfen bizimle ileti\u015fime ge\u00e7iniz.[\/vc_column_text][vc_separator type=&#8221;transparent&#8221; thickness=&#8221;0&#8243; up=&#8221;50&#8243; down=&#8221;0&#8243;][\/vc_column][vc_column offset=&#8221;vc_col-lg-4 vc_col-md-4&#8243;][vc_single_image image=&#8221;1130&#8243; img_size=&#8221;full&#8221; qode_css_animation=&#8221;&#8221;][vc_separator type=&#8221;transparent&#8221; thickness=&#8221;0&#8243; up=&#8221;38&#8243; down=&#8221;0&#8243;][vc_column_text]<\/p>\n<h3>Geri D\u00f6n\u00fc\u015f\u00fcm Makinalar\u0131 ve Yedek Par\u00e7alar\u0131<\/h3>\n<p>[\/vc_column_text][vc_separator type=&#8221;small&#8221; position=&#8221;left&#8221; width=&#8221;20&#8243; up=&#8221;7&#8243; down=&#8221;30&#8243;][vc_column_text]Makina tiplerine ve teknik \u00f6zelliklerine g\u00f6re de\u011fi\u015fiklik g\u00f6sterdi\u011fi i\u00e7in l\u00fctfen bizimle ileti\u015fime ge\u00e7iniz.[\/vc_column_text][vc_separator type=&#8221;transparent&#8221; thickness=&#8221;0&#8243; up=&#8221;50&#8243; down=&#8221;0&#8243;][\/vc_column][\/vc_row][vc_row css_animation=&#8221;&#8221; row_type=&#8221;row&#8221; use_row_as_full_screen_section=&#8221;no&#8221; type=&#8221;grid&#8221; angled_section=&#8221;no&#8221; text_align=&#8221;left&#8221; background_image_as_pattern=&#8221;without_pattern&#8221; css=&#8221;.vc_custom_1455889023853{padding-top: 150px !important;}&#8221;][vc_column offset=&#8221;vc_col-lg-4 vc_col-md-4&#8243;][vc_single_image image=&#8221;1131&#8243; img_size=&#8221;full&#8221; qode_css_animation=&#8221;&#8221;][vc_separator type=&#8221;transparent&#8221; thickness=&#8221;0&#8243; up=&#8221;38&#8243; down=&#8221;0&#8243;][vc_column_text]<\/p>\n<h3>Enjeksiyon Makinalar\u0131 ve Yedek Par\u00e7alar\u0131<\/h3>\n<p>[\/vc_column_text][vc_separator type=&#8221;small&#8221; position=&#8221;left&#8221; width=&#8221;20&#8243; up=&#8221;7&#8243; down=&#8221;30&#8243;][vc_column_text]Makina tiplerine ve teknik \u00f6zelliklerine g\u00f6re de\u011fi\u015fiklik g\u00f6sterdi\u011fi i\u00e7in l\u00fctfen bizimle ileti\u015fime ge\u00e7iniz.[\/vc_column_text][vc_separator type=&#8221;transparent&#8221; thickness=&#8221;0&#8243; up=&#8221;50&#8243; down=&#8221;0&#8243;][\/vc_column][vc_column offset=&#8221;vc_col-lg-4 vc_col-md-4&#8243;][vc_single_image image=&#8221;1132&#8243; img_size=&#8221;full&#8221; qode_css_animation=&#8221;&#8221;][vc_separator type=&#8221;transparent&#8221; thickness=&#8221;0&#8243; up=&#8221;38&#8243; down=&#8221;0&#8243;][vc_column_text]<\/p>\n<h3>Pres ve Abkant Pres Makinalar\u0131 ve Yedek Par\u00e7alar\u0131<\/h3>\n<p>[\/vc_column_text][vc_separator type=&#8221;small&#8221; position=&#8221;left&#8221; width=&#8221;20&#8243; up=&#8221;7&#8243; down=&#8221;30&#8243;][vc_column_text]Makina tiplerine ve teknik \u00f6zelliklerine g\u00f6re de\u011fi\u015fiklik g\u00f6sterdi\u011fi i\u00e7in l\u00fctfen bizimle ileti\u015fime ge\u00e7iniz.[\/vc_column_text][vc_separator type=&#8221;transparent&#8221; thickness=&#8221;0&#8243; up=&#8221;50&#8243; down=&#8221;0&#8243;][\/vc_column][vc_column offset=&#8221;vc_col-lg-4 vc_col-md-4&#8243;][vc_single_image image=&#8221;1128&#8243; img_size=&#8221;full&#8221; qode_css_animation=&#8221;&#8221;][vc_separator type=&#8221;transparent&#8221; thickness=&#8221;0&#8243; up=&#8221;38&#8243; down=&#8221;0&#8243;][vc_column_text]<\/p>\n<h3>A\u011f\u0131r Vas\u0131ta Yedek Par\u00e7alar\u0131<\/h3>\n<p>[\/vc_column_text][vc_separator type=&#8221;small&#8221; position=&#8221;left&#8221; width=&#8221;20&#8243; up=&#8221;7&#8243; down=&#8221;30&#8243;][vc_column_text]Makina tiplerine ve teknik \u00f6zelliklerine g\u00f6re de\u011fi\u015fiklik g\u00f6sterdi\u011fi i\u00e7in l\u00fctfen bizimle ileti\u015fime ge\u00e7iniz.[\/vc_column_text][vc_separator type=&#8221;transparent&#8221; thickness=&#8221;0&#8243; up=&#8221;50&#8243; down=&#8221;0&#8243;][\/vc_column][\/vc_row][vc_row css_animation=&#8221;&#8221; row_type=&#8221;row&#8221; use_row_as_full_screen_section=&#8221;no&#8221; type=&#8221;full_width&#8221; angled_section=&#8221;no&#8221; text_align=&#8221;center&#8221; background_image_as_pattern=&#8221;without_pattern&#8221;][vc_column]<div class=\"call_to_action simple\" style=\"background-color: #2b2c2e;padding-top: 40px;padding-bottom: 40px;\"><div class=\"container_inner\"><div class=\"text_wrapper column1\"><div class=\"call_to_action_text  font_size_inherit font_weight_inherit letter_spacing_inherit\" style=\"font-size:16px;font-weight: 600;letter-spacing: 0px;\">\n<p style=\"text-align: center;\"><span style=\"color: #ffffff;\">\u00dcr\u00fcn\u00fcn\u00fcz hakk\u0131nda \u00fccretsiz fiyat teklifi almak i\u00e7in \u015fimdi bizimle ileti\u015fime ge\u00e7in<\/span><\/p>\n<\/div><a itemprop=\"url\" href=\"https:\/\/getplanet.net\/teklif-al\/\" class=\"qbutton white medium\" target=\"_self\" style=\"\"data-hover-background-color=#ffffff data-hover-color=#303030>F\u0130YAT TEKL\u0130F\u0130 AL<\/a><\/div><\/div><\/div>[\/vc_column][\/vc_row]<\/p>\n","protected":false},"excerpt":{"rendered":"<p>[vc_row css_animation=&#8221;&#8221; row_type=&#8221;row&#8221; use_row_as_full_screen_section=&#8221;no&#8221; type=&#8221;grid&#8221; angled_section=&#8221;no&#8221; text_align=&#8221;left&#8221; background_image_as_pattern=&#8221;without_pattern&#8221; css=&#8221;.vc_custom_1455889023853{padding-top: 150px !important;}&#8221;][vc_column offset=&#8221;vc_col-lg-4 vc_col-md-4&#8243;][vc_single_image image=&#8221;1127&#8243; img_size=&#8221;full&#8221; qode_css_animation=&#8221;&#8221;][vc_separator type=&#8221;transparent&#8221; thickness=&#8221;0&#8243; up=&#8221;38&#8243; down=&#8221;0&#8243;][vc_column_text] CNC Makinalar\u0131 ve Yedek Par\u00e7alar\u0131 [\/vc_column_text][vc_separator type=&#8221;small&#8221; position=&#8221;left&#8221; width=&#8221;20&#8243; up=&#8221;7&#8243; down=&#8221;30&#8243;][vc_column_text]Makina tiplerine ve teknik \u00f6zelliklerine g\u00f6re de\u011fi\u015fiklik g\u00f6sterdi\u011fi i\u00e7in l\u00fctfen bizimle ileti\u015fime ge\u00e7iniz.[\/vc_column_text][vc_separator type=&#8221;transparent&#8221; thickness=&#8221;0&#8243;&#8230;<\/p>\n","protected":false},"author":1,"featured_media":0,"parent":0,"menu_order":0,"comment_status":"closed","ping_status":"closed","template":"full_width.php","meta":[],"_links":{"self":[{"href":"https:\/\/getplanet.net\/tr\/wp-json\/wp\/v2\/pages\/120"}],"collection":[{"href":"https:\/\/getplanet.net\/tr\/wp-json\/wp\/v2\/pages"}],"about":[{"href":"https:\/\/getplanet.net\/tr\/wp-json\/wp\/v2\/types\/page"}],"author":[{"embeddable":true,"href":"https:\/\/getplanet.net\/tr\/wp-json\/wp\/v2\/users\/1"}],"replies":[{"embeddable":true,"href":"https:\/\/getplanet.net\/tr\/wp-json\/wp\/v2\/comments?post=120"}],"version-history":[{"count":30,"href":"https:\/\/getplanet.net\/tr\/wp-json\/wp\/v2\/pages\/120\/revisions"}],"predecessor-version":[{"id":1156,"href":"https:\/\/getplanet.net\/tr\/wp-json\/wp\/v2\/pages\/120\/revisions\/1156"}],"wp:attachment":[{"href":"https:\/\/getplanet.net\/tr\/wp-json\/wp\/v2\/media?parent=120"}],"curies":[{"name":"wp","href":"https:\/\/api.w.org\/{rel}","templated":true}]}}